{"id":1943,"date":"2025-03-12T13:18:47","date_gmt":"2025-03-12T13:18:47","guid":{"rendered":"https:\/\/investmentwp.com\/multinational\/?page_id=3"},"modified":"2025-03-13T12:07:33","modified_gmt":"2025-03-13T12:07:33","slug":"kvkk-policy","status":"publish","type":"page","link":"https:\/\/dev01.iremworld.com\/tr\/kvkk-politikasi\/","title":{"rendered":"KVKK Politikas\u0131"},"content":{"rendered":"<h3 data-start=\"0\" data-end=\"125\"><strong data-start=\"0\" data-end=\"125\">IREMWORLD ULUSLARARASI GAYR\u0130MENKUL PAZARLAMA E\u011e\u0130T\u0130M ORGAN\u0130ZASYON T\u0130C. A.\u015e. WEB S\u0130TES\u0130 Z\u0130YARET\u00c7\u0130LER\u0130 \u0130\u00c7\u0130N AYDINLATMA METN\u0130<\/strong><\/h3>\n<p class=\"\" data-start=\"127\" data-end=\"474\">IREMWORLD ULUSLARARASI GAYR\u0130MENKUL PAZARLAMA E\u011e\u0130T\u0130M ORGAN\u0130ZASYON T\u0130C. A.\u015e. (\u201c\u015eirket\u201d veya \u201cIremWorld\u201d) olarak, resmi web sitemiz <a class=\"\" href=\"https:\/\/iremworld.com\/\" target=\"_new\" rel=\"noopener\" data-start=\"256\" data-end=\"278\">https:\/\/iremworld.com\/<\/a> arac\u0131l\u0131\u011f\u0131yla toplanan ki\u015fisel verilerinizin 6698 say\u0131l\u0131 Ki\u015fisel Verilerin Korunmas\u0131 Kanunu ve ikincil mevzuata (\u201cKVK Mevzuat\u0131\u201d) uygun \u015fekilde i\u015flenmesine ve korunmas\u0131na azami \u00f6zen g\u00f6stermekteyiz.<\/p>\n<p class=\"\" data-start=\"476\" data-end=\"636\">Bu Ayd\u0131nlatma Metni arac\u0131l\u0131\u011f\u0131yla, \u015eirketimizin web sitemizi ziyaret eden ki\u015filere y\u00f6nelik ki\u015fisel veri i\u015fleme faaliyetleri hakk\u0131nda sizi bilgilendirmek isteriz.<\/p>\n<p class=\"\" data-start=\"638\" data-end=\"726\"><strong data-start=\"638\" data-end=\"726\">\u0130\u015flenen Ki\u015fisel Verileriniz, Toplama Y\u00f6ntemleri, \u0130\u015fleme Ama\u00e7lar\u0131 ve Hukuki Sebepleri<\/strong><\/p>\n<p class=\"\" data-start=\"728\" data-end=\"989\"><a class=\"\" href=\"https:\/\/iremworld.com\/\" target=\"_new\" rel=\"noopener\" data-start=\"728\" data-end=\"750\">https:\/\/iremworld.com\/<\/a> adresini ziyaret etti\u011finizde, a\u015fa\u011f\u0131daki ki\u015fisel verileriniz \u015eirketimiz taraf\u0131ndan yaz\u0131l\u0131, elektronik ve fiziki ortamda, otomatik ve otomatik olmayan y\u00f6ntemlerle KVK Mevzuat\u0131na uygun olarak; ilgili, s\u0131n\u0131rl\u0131 ve \u00f6l\u00e7\u00fcl\u00fc \u015fekilde i\u015flenmektedir.<\/p>\n<p class=\"\" data-start=\"991\" data-end=\"1004\"><strong data-start=\"991\" data-end=\"1002\">Tablo-1<\/strong><\/p>\n<div class=\"_tableContainer_16hzy_1\">\n<div class=\"_tableWrapper_16hzy_14 group flex w-fit flex-col-reverse\" tabindex=\"-1\">\n<table class=\"w-fit min-w-(--thread-content-width)\" data-start=\"1005\" data-end=\"1287\">\n<thead data-start=\"1005\" data-end=\"1055\">\n<tr data-start=\"1005\" data-end=\"1055\">\n<th data-start=\"1005\" data-end=\"1020\" data-col-size=\"md\">Ki\u015fisel Veri<\/th>\n<th data-start=\"1020\" data-end=\"1037\" data-col-size=\"sm\">Toplama Kanal\u0131<\/th>\n<th data-start=\"1037\" data-end=\"1055\" data-col-size=\"md\">\u0130\u015fleme Amac\u0131<\/th>\n<\/tr>\n<\/thead>\n<tbody data-start=\"1111\" data-end=\"1287\">\n<tr data-start=\"1111\" data-end=\"1287\">\n<td data-start=\"1111\" data-end=\"1175\" data-col-size=\"md\">G\u00fcvenlik kay\u0131tlar\u0131 (IP adresleri ve \u00e7evrimi\u00e7i tan\u0131mlay\u0131c\u0131lar)<\/td>\n<td data-col-size=\"sm\" data-start=\"1175\" data-end=\"1200\"><a class=\"\" href=\"https:\/\/iremworld.com\/\" target=\"_new\" rel=\"noopener\" data-start=\"1177\" data-end=\"1199\">https:\/\/iremworld.com\/<\/a><\/td>\n<td data-col-size=\"md\" data-start=\"1200\" data-end=\"1287\">5651 Say\u0131l\u0131 Kanun ve ilgili mevzuat kapsam\u0131ndaki y\u00fck\u00fcml\u00fcl\u00fcklerin yerine getirilmesi<\/td>\n<\/tr>\n<\/tbody>\n<\/table>\n<div class=\"sticky end-(--thread-content-margin) h-0 self-end select-none\">\n<div class=\"absolute end-0 flex items-end\">&nbsp;<\/div>\n<\/div>\n<\/div>\n<\/div>\n<p class=\"\" data-start=\"1289\" data-end=\"1346\"><strong data-start=\"1289\" data-end=\"1344\">Ki\u015fisel Verilerinizin \u00dc\u00e7\u00fcnc\u00fc Ki\u015filerle Payla\u015f\u0131lmas\u0131<\/strong><\/p>\n<p class=\"\" data-start=\"1348\" data-end=\"1370\"><strong data-start=\"1348\" data-end=\"1370\">Yurti\u00e7i Aktar\u0131mlar<\/strong><\/p>\n<p class=\"\" data-start=\"1372\" data-end=\"1505\">Yukar\u0131da belirtilen ki\u015fisel verileriniz, a\u015fa\u011f\u0131da belirtilen ama\u00e7lar ve hukuki sebepler do\u011frultusunda \u00fc\u00e7\u00fcnc\u00fc ki\u015filerle payla\u015f\u0131labilir:<\/p>\n<p class=\"\" data-start=\"1507\" data-end=\"1520\"><strong data-start=\"1507\" data-end=\"1518\">Tablo-2<\/strong><\/p>\n<div class=\"_tableContainer_16hzy_1\">\n<div class=\"_tableWrapper_16hzy_14 group flex w-fit flex-col-reverse\" tabindex=\"-1\">\n<table class=\"w-fit min-w-(--thread-content-width)\" data-start=\"1521\" data-end=\"1989\">\n<thead data-start=\"1521\" data-end=\"1569\">\n<tr data-start=\"1521\" data-end=\"1569\">\n<th data-start=\"1521\" data-end=\"1537\" data-col-size=\"md\">Aktar\u0131m Amac\u0131<\/th>\n<th data-start=\"1537\" data-end=\"1552\" data-col-size=\"md\">Hukuki Sebep<\/th>\n<th data-start=\"1552\" data-end=\"1569\" data-col-size=\"md\">Al\u0131c\u0131 Grubu<\/th>\n<\/tr>\n<\/thead>\n<tbody data-start=\"1625\" data-end=\"1989\">\n<tr data-start=\"1625\" data-end=\"1795\">\n<td data-start=\"1625\" data-end=\"1676\" data-col-size=\"md\">Denetim ve raporlama faaliyetlerinin y\u00fcr\u00fct\u00fclmesi<\/td>\n<td data-col-size=\"md\" data-start=\"1676\" data-end=\"1755\">\u015eirketimizin hukuki y\u00fck\u00fcml\u00fcl\u00fcklerinin yerine getirilmesi i\u00e7in zorunlu olmas\u0131<\/td>\n<td data-col-size=\"md\" data-start=\"1755\" data-end=\"1795\">Kamu kurumlar\u0131 ve yetkili merciler<\/td>\n<\/tr>\n<tr data-start=\"1796\" data-end=\"1989\">\n<td data-start=\"1796\" data-end=\"1845\" data-col-size=\"md\">\u0130\u015f faaliyetlerinin y\u00fcr\u00fct\u00fclmesi ve denetlenmesi<\/td>\n<td data-col-size=\"md\" data-start=\"1845\" data-end=\"1910\">Bir s\u00f6zle\u015fmenin kurulmas\u0131 veya ifas\u0131yla do\u011frudan ilgili olmas\u0131<\/td>\n<td data-col-size=\"md\" data-start=\"1910\" data-end=\"1989\">Harici Hizmet Sa\u011flay\u0131c\u0131lar (\u00f6rne\u011fin: Web Alan Ad\u0131 ve BT Hizmet Sa\u011flay\u0131c\u0131s\u0131)<\/td>\n<\/tr>\n<\/tbody>\n<\/table>\n<div class=\"sticky end-(--thread-content-margin) h-0 self-end select-none\">\n<div class=\"absolute end-0 flex items-end\">&nbsp;<\/div>\n<\/div>\n<\/div>\n<\/div>\n<p class=\"\" data-start=\"1991\" data-end=\"2206\">IREMWORLD ULUSLARARASI GAYR\u0130MENKUL PAZARLAMA E\u011e\u0130T\u0130M ORGAN\u0130ZASYON T\u0130C. A.\u015e. olarak, a\u00e7\u0131k r\u0131zan\u0131z olmaks\u0131z\u0131n ki\u015fisel verilerinizi yukar\u0131da belirtilen ama\u00e7lar d\u0131\u015f\u0131nda \u00fc\u00e7\u00fcnc\u00fc ki\u015filerle payla\u015fmayaca\u011f\u0131m\u0131z\u0131 taahh\u00fct ederiz.<\/p>\n<p class=\"\" data-start=\"2208\" data-end=\"2236\"><strong data-start=\"2208\" data-end=\"2236\">Yurtd\u0131\u015f\u0131na Veri Aktar\u0131m\u0131<\/strong><\/p>\n<p class=\"\" data-start=\"2238\" data-end=\"2299\">\u015eirketimiz, ki\u015fisel verilerinizi yurt d\u0131\u015f\u0131na aktarmamaktad\u0131r.<\/p>\n<p class=\"\" data-start=\"2301\" data-end=\"2358\"><strong data-start=\"2301\" data-end=\"2358\">Ki\u015fisel Verilerinizin Korunmas\u0131, Saklanmas\u0131 ve \u0130mhas\u0131<\/strong><\/p>\n<p class=\"\" data-start=\"2360\" data-end=\"2723\">Ki\u015fisel verileriniz, i\u015flenme amac\u0131n\u0131n gerektirdi\u011fi s\u00fcre boyunca ve her h\u00e2l\u00fck\u00e2rda yasal zorunluluklar \u00e7er\u00e7evesinde gerekli s\u00fcre kadar saklanacak; s\u00fcrenin sonunda ise KVK Mevzuat\u0131 ve \u015eirketimizin Ki\u015fisel Verilerin Korunmas\u0131 ve Gizlili\u011fi Politikas\u0131 ile Ki\u015fisel Veri Saklama ve \u0130mha Politikas\u0131\u2019na uygun \u015fekilde silinecek, yok edilecek veya anonim hale getirilecektir.<\/p>\n<p class=\"\" data-start=\"2725\" data-end=\"2908\">Ki\u015fisel verilerinizin hukuka ayk\u0131r\u0131 \u015fekilde eri\u015filmesini, i\u015flenmesini, if\u015fas\u0131n\u0131, de\u011fi\u015ftirilmesini veya silinmesini \u00f6nlemek amac\u0131yla gerekli t\u00fcm teknik ve idari tedbirler al\u0131nmaktad\u0131r.<\/p>\n<p class=\"\" data-start=\"2910\" data-end=\"3155\">Fiziksel ar\u015fiv, sunucu veya di\u011fer sistemlerimize yap\u0131labilecek olas\u0131 bir sald\u0131r\u0131 sonucu ki\u015fisel verilerinizin zarar g\u00f6rmesi veya yetkisiz ki\u015filerce if\u015fa edilmesi h\u00e2linde, bu durum size ve Ki\u015fisel Verileri Koruma Kurumu\u2019na derhal bildirilecektir.<\/p>\n<p class=\"\" data-start=\"3157\" data-end=\"3180\"><strong data-start=\"3157\" data-end=\"3180\">Bilgi Alma Hakk\u0131n\u0131z<\/strong><\/p>\n<p class=\"\" data-start=\"3182\" data-end=\"3243\">KVKK\u2019n\u0131n 11. maddesi kapsam\u0131nda a\u015fa\u011f\u0131daki haklara sahipsiniz:<\/p>\n<p class=\"\" data-start=\"3245\" data-end=\"4047\">(a) Ki\u015fisel verinizin i\u015flenip i\u015flenmedi\u011fini \u00f6\u011frenme,<br data-start=\"3297\" data-end=\"3300\" \/>(b) \u0130\u015flenmi\u015fse buna ili\u015fkin bilgi talep etme,<br data-start=\"3345\" data-end=\"3348\" \/>(c) Verilerin i\u015flenme amac\u0131n\u0131 ve bunlar\u0131n amaca uygun kullan\u0131l\u0131p kullan\u0131lmad\u0131\u011f\u0131n\u0131 \u00f6\u011frenme,<br data-start=\"3438\" data-end=\"3441\" \/>(d) Yurt i\u00e7inde veya yurt d\u0131\u015f\u0131nda verilerin aktar\u0131ld\u0131\u011f\u0131 \u00fc\u00e7\u00fcnc\u00fc ki\u015fileri bilme,<br data-start=\"3519\" data-end=\"3522\" \/>(e) Eksik veya yanl\u0131\u015f i\u015flenmi\u015f verilerin d\u00fczeltilmesini isteme,<br data-start=\"3585\" data-end=\"3588\" \/>(f) Kanun\u2019un 7. maddesi kapsam\u0131nda ki\u015fisel verilerin silinmesini veya yok edilmesini isteme,<br data-start=\"3680\" data-end=\"3683\" \/>(g) (e) ve (f) bentleri kapsam\u0131nda yap\u0131lan i\u015flemlerin verilerin aktar\u0131ld\u0131\u011f\u0131 \u00fc\u00e7\u00fcnc\u00fc ki\u015filere bildirilmesini isteme,<br data-start=\"3797\" data-end=\"3800\" \/>(h) \u0130\u015flenen verilerin m\u00fcnhas\u0131ran otomatik sistemler vas\u0131tas\u0131yla analiz edilmesi suretiyle ki\u015finin aleyhine bir sonucun ortaya \u00e7\u0131kmas\u0131na itiraz etme,<br data-start=\"3948\" data-end=\"3951\" \/>(i) Kanuna ayk\u0131r\u0131 i\u015flenme nedeniyle zarara u\u011franmas\u0131 h\u00e2linde zarar\u0131n\u0131n giderilmesini talep etme.<\/p>\n<p class=\"\" data-start=\"4049\" data-end=\"4080\"><strong data-start=\"4049\" data-end=\"4080\">Talep ve \u0130leti\u015fim Bilgileri<\/strong><\/p>\n<p class=\"\" data-start=\"4082\" data-end=\"4328\">Bu Ayd\u0131nlatma Metni kapsam\u0131nda ki\u015fisel verilerinizin i\u015flenmesine ili\u015fkin soru ve talepleriniz i\u00e7in, <a class=\"\" href=\"https:\/\/iremworld.com\/\" target=\"_new\" rel=\"noopener\" data-start=\"4182\" data-end=\"4204\">https:\/\/iremworld.com\/<\/a> adresinde yer alan \u201cVeri Sorumlusu Ba\u015fvuru Formu\u201dnu doldurarak formda belirtilen y\u00f6ntemlerle \u015eirketimize ba\u015fvurabilirsiniz.<\/p>\n<p class=\"\" data-start=\"4330\" data-end=\"4636\">Ba\u015fvurular\u0131n\u0131z KVKK\u2019n\u0131n 13. maddesi kapsam\u0131nda en ge\u00e7 30 (otuz) g\u00fcn i\u00e7erisinde sonu\u00e7land\u0131r\u0131lacakt\u0131r. \u0130\u015flemin ayr\u0131ca bir maliyeti olmas\u0131 durumunda KVK Kurumu taraf\u0131ndan belirlenen \u00fccret tarifesi esas al\u0131nacakt\u0131r. Talebinizin reddedilmesi h\u00e2linde, gerek\u00e7eli ret cevab\u0131 taraf\u0131n\u0131za yaz\u0131l\u0131 olarak iletilecektir.<\/p>\n<p class=\"\" data-start=\"4638\" data-end=\"4838\">Ki\u015fisel verilerinizin g\u00fcncel, eksiksiz ve do\u011fru olmad\u0131\u011f\u0131n\u0131 d\u00fc\u015f\u00fcn\u00fcyorsan\u0131z, bu durumu <a class=\"cursor-pointer\" rel=\"noopener\" data-start=\"4723\" data-end=\"4743\">iremworld@s02.kep.tr<\/a> adresi \u00fczerinden \u015eirketimize bildirerek gerekli g\u00fcncellemenin yap\u0131lmas\u0131n\u0131 talep edebilirsiniz.<\/p>\n<p class=\"\" data-start=\"4840\" data-end=\"5015\">Bu Ayd\u0131nlatma Metni, de\u011fi\u015fen mevzuat ve \u015fartlara uyum sa\u011flamak amac\u0131yla periyodik olarak g\u00fcncellenebilir. G\u00fcncellemeleri <a class=\"\" href=\"https:\/\/iremworld.com\/\" target=\"_new\" rel=\"noopener\" data-start=\"4961\" data-end=\"4983\">https:\/\/iremworld.com\/<\/a> adresinden takip edebilirsiniz.<\/p>\n<p class=\"\" data-start=\"5017\" data-end=\"5284\"><strong data-start=\"5017\" data-end=\"5035\">Veri Sorumlusu<\/strong><br data-start=\"5035\" data-end=\"5038\" \/>IREMWORLD ULUSLARARASI GAYR\u0130MENKUL PAZARLAMA E\u011e\u0130T\u0130M ORGAN\u0130ZASYON T\u0130C. A.\u015e.<br data-start=\"5112\" data-end=\"5115\" \/>MERS\u0130S No: [0480-1113-5910-0001]<br data-start=\"5147\" data-end=\"5150\" \/>Adres: Atat\u00fcrk Mah. Ertu\u011frul Gazi Sok. Metropol \u0130stanbul Sitesi C1 Blok Apt. No:2B 127 Ata\u015fehir\/\u0130stanbul<br data-start=\"5254\" data-end=\"5257\" \/>E-Posta: <a class=\"cursor-pointer\" rel=\"noopener\" data-start=\"5266\" data-end=\"5284\">info@iremworld.com<\/a><\/p>\n<p class=\"\" data-start=\"5286\" data-end=\"5333\"><strong data-start=\"5286\" data-end=\"5333\" data-is-last-node=\"\">\u0130\u015fbu Ayd\u0131nlatma Metni\u2019ni okudum ve anlad\u0131m.<\/strong><\/p>\n","protected":false},"excerpt":{"rendered":"<p>IREMWORLD ULUSLARARASI GAYR\u0130MENKUL PAZARLAMA E\u011e\u0130T\u0130M ORGAN\u0130ZASYON T\u0130C. A.\u015e. WEB S\u0130TES\u0130 Z\u0130YARET\u00c7\u0130LER\u0130 \u0130\u00c7\u0130N AYDINLATMA METN\u0130 IREMWORLD ULUSLARARASI GAYR\u0130MENKUL PAZARLAMA E\u011e\u0130T\u0130M ORGAN\u0130ZASYON T\u0130C. A.\u015e. (\u201c\u015eirket\u201d veya \u201cIremWorld\u201d) olarak, resmi web sitemiz https:\/\/iremworld.com\/ arac\u0131l\u0131\u011f\u0131yla toplanan ki\u015fisel verilerinizin 6698<\/p>\n<div class=\"read-more-wrap\"><a href=\"https:\/\/dev01.iremworld.com\/tr\/kvkk-politikasi\/\" class=\"btn btn-secondary\">Read More <i class=\"icon-arrows-slim-right\"><\/i><\/a><\/div>\n","protected":false},"author":1,"featured_media":0,"parent":0,"menu_order":0,"comment_status":"closed","ping_status":"open","template":"","meta":{"footnotes":""},"class_list":["post-1943","page","type-page","status-publish","hentry"],"_links":{"self":[{"href":"https:\/\/dev01.iremworld.com\/tr\/wp-json\/wp\/v2\/pages\/1943","targetHints":{"allow":["GET"]}}],"collection":[{"href":"https:\/\/dev01.iremworld.com\/tr\/wp-json\/wp\/v2\/pages"}],"about":[{"href":"https:\/\/dev01.iremworld.com\/tr\/wp-json\/wp\/v2\/types\/page"}],"author":[{"embeddable":true,"href":"https:\/\/dev01.iremworld.com\/tr\/wp-json\/wp\/v2\/users\/1"}],"replies":[{"embeddable":true,"href":"https:\/\/dev01.iremworld.com\/tr\/wp-json\/wp\/v2\/comments?post=1943"}],"version-history":[{"count":0,"href":"https:\/\/dev01.iremworld.com\/tr\/wp-json\/wp\/v2\/pages\/1943\/revisions"}],"wp:attachment":[{"href":"https:\/\/dev01.iremworld.com\/tr\/wp-json\/wp\/v2\/media?parent=1943"}],"curies":[{"name":"wp","href":"https:\/\/api.w.org\/{rel}","templated":true}]}}