{"id":280,"date":"2016-10-30T09:27:20","date_gmt":"2016-10-30T09:27:20","guid":{"rendered":"http:\/\/themeperch.net\/investment\/?page_id=280"},"modified":"2025-03-13T14:25:33","modified_gmt":"2025-03-13T14:25:33","slug":"contact-us","status":"publish","type":"page","link":"https:\/\/dev01.iremworld.com\/tr\/contact-us\/","title":{"rendered":"Head Office"},"content":{"rendered":"\t\t<div data-elementor-type=\"wp-page\" data-elementor-id=\"280\" class=\"elementor elementor-280\">\n\t\t\t\t\t\t<section class=\"  elementor-section elementor-top-section elementor-element elementor-element-ce61741 elementor-section-boxed elementor-section-height-default elementor-section-height-default\" data-id=\"ce61741\" data-element_type=\"section\">\n\t\t\t\t\t\t<div class=\"elementor-container elementor-column-gap-default\">\n\t\t\t\t\t<div class=\"elementor-column elementor-col-100 elementor-top-column elementor-element elementor-element-ae5278d\" data-id=\"ae5278d\" data-element_type=\"column\">\n\t\t\t<div class=\"elementor-widget-wrap elementor-element-populated\">\n\t\t\t\t\t\t<div class=\"elementor-element elementor-element-d321981 elementor-widget elementor-widget-google_map\" data-id=\"d321981\" data-element_type=\"widget\" data-widget_type=\"google_map.default\">\n\t\t\t\t<div class=\"elementor-widget-container\">\n\t\t\t\t\t\r\n\t\t\r\n\t\t<div class=\"investment-tabs-wrapper mb-50\">\r\n\t\t\t\r\n\t\t\t\t<ul class=\"nav nav-tabs d-lg-flex align-items-center\" role=tablist>\r\n\t\t\t\t\t<li class=\"nav-item\">\r\n\t\t<a class=\"nav-link active\" href=\"#head-office\" aria-controls=\"head-office\" role=\"tab\" data-bs-toggle=\"tab\" aria-expanded=\"true\">Head Office<\/a>\r\n\t\t<\/li><li class=\"nav-item\">\r\n\t\t<a class=\"nav-link\" href=\"#\" aria-controls=\"\" role=\"tab\" data-bs-toggle=\"tab\" aria-expanded=\"false\"><\/a>\r\n\t\t<\/li>\t\t\t\t<\/ul>\r\n\t\t\t\r\n\t\t\t\r\n\t\t\t<div class=\"tab-content\">\r\n\t\t\t\t<div role=\"tabpanel\" class=\"panel bg-light p-0 tab-pane active\" id=\"head-office\"><div style=\"width: 100%\"><iframe scrolling=\"no\" marginheight=\"0\" marginwidth=\"0\" src=\" https:\/\/maps.google.com\/maps?q=41.0049,29.1061&hl=es;z=14&amp;output=embed\" height=\"365\" frameborder=\"0\"><\/iframe><\/div><\/div><div role=\"tabpanel\" class=\"panel bg-light p-0 tab-pane\" id=\"\"><div id=\"google-map2\" class=\"gmap-canvas\" data-long=\"-\" data-lat=\"\" data-zoom=\"12\" data-marker=\"https:\/\/investmentwp.com\/multinational\/wp-content\/plugins\/control-elementor\/\/assets\/images\/map-marker.png\"><\/div><\/div>\t\t\t<\/div>\r\n\t\t<\/div>\r\n\t\t\t\t\t\t<\/div>\n\t\t\t\t<\/div>\n\t\t\t\t<section class=\"  elementor-section elementor-inner-section elementor-element elementor-element-c45f95e elementor-section-boxed elementor-section-height-default elementor-section-height-default\" data-id=\"c45f95e\" data-element_type=\"section\">\n\t\t\t\t\t\t<div class=\"elementor-container elementor-column-gap-gap-20\">\n\t\t\t\t\t<div class=\"elementor-column elementor-col-50 elementor-inner-column elementor-element elementor-element-38823a6\" data-id=\"38823a6\" data-element_type=\"column\">\n\t\t\t<div class=\"elementor-widget-wrap elementor-element-populated\">\n\t\t\t\t\t\t<div class=\"elementor-element elementor-element-2a46efd elementor-widget elementor-widget-contact_info\" data-id=\"2a46efd\" data-element_type=\"widget\" data-widget_type=\"contact_info.default\">\n\t\t\t\t<div class=\"elementor-widget-container\">\n\t\t\t\t\t\r\n<div class=\"get-touch\">\r\n\t<h4 class=\"border-title\">Get in Touch<\/h4>\r\n\t\t<p class=\"normal\">Sarphan Finanspark A Blok No:32<br \/>\nFinanskent Mah. \u00dcmraniye <br \/>\nIstanbul, T\u00fcrkiye<\/p>\r\n\t<ul class=\"list-unstyled\">\r\n\t\t<li><a href=\"tel:+90 216 7554738\" class=\"h_small\"><i class=\"text-primary perch-Phone2\"><\/i> +90 216 7554738<\/a><\/li><li><a href=\"mailto:info@iremworld.com\" class=\"h_small\"><i class=\"text-primary perch-Inbox\"><\/i> info@iremworld.com<\/a><\/li>\t<\/ul>\r\n\t<\/div>\t\t\t\t<\/div>\n\t\t\t\t<\/div>\n\t\t\t\t<div class=\"elementor-element elementor-element-e49259d elementor-widget elementor-widget-working_hours\" data-id=\"e49259d\" data-element_type=\"widget\" data-widget_type=\"working_hours.default\">\n\t\t\t\t<div class=\"elementor-widget-container\">\n\t\t\t\t\t<div class=\"working-houre\">\r\n<h4 class=\"border-title\">Working Hours<\/h4>\r\n\r\n<ul class=\"list-unstyled\"><li class=\"normal\">Monday to Friday\r\n\t\t\t<span class=\"h_small\">09:00 - 18:00<\/span>\r\n\t\t\t<\/li><li class=\"normal\">Saturday\r\n\t\t\t<span class=\"h_small\">Closed<\/span>\r\n\t\t\t<\/li><li class=\"normal\">Sunday\r\n\t\t\t<span class=\"h_small\">Closed<\/span>\r\n\t\t\t<\/li><\/ul><\/div>\t\t\t\t<\/div>\n\t\t\t\t<\/div>\n\t\t\t\t\t<\/div>\n\t\t<\/div>\n\t\t\t\t<div class=\"elementor-column elementor-col-50 elementor-inner-column elementor-element elementor-element-faf7881\" data-id=\"faf7881\" data-element_type=\"column\">\n\t\t\t<div class=\"elementor-widget-wrap elementor-element-populated\">\n\t\t\t\t\t\t<div class=\"elementor-element elementor-element-6e5c96e elementor-widget elementor-widget-shortcode\" data-id=\"6e5c96e\" data-element_type=\"widget\" data-widget_type=\"shortcode.default\">\n\t\t\t\t<div class=\"elementor-widget-container\">\n\t\t\t\t\t\t\t<div class=\"elementor-shortcode\"><p class=\"wpcf7-contact-form-not-found\"><strong>Hata:<\/strong> \u0130leti\u015fim formu bulunamad\u0131.<\/p><\/div>\n\t\t\t\t\t\t<\/div>\n\t\t\t\t<\/div>\n\t\t\t\t\t<\/div>\n\t\t<\/div>\n\t\t\t\t\t<\/div>\n\t\t<\/section>\n\t\t\t\t\t<\/div>\n\t\t<\/div>\n\t\t\t\t\t<\/div>\n\t\t<\/section>\n\t\t\t\t<\/div>\n\t\t","protected":false},"excerpt":{"rendered":"<p>Head Office Get in Touch Sarphan Finanspark A Blok No:32 Finanskent Mah. \u00dcmraniye Istanbul, T\u00fcrkiye +90 216 7554738 info@iremworld.com Working Hours Monday to Friday 09:00 &#8211; 18:00 Saturday Closed Sunday Closed Hata: \u0130leti\u015fim formu bulunamad\u0131.<\/p>\n","protected":false},"author":1,"featured_media":0,"parent":0,"menu_order":0,"comment_status":"closed","ping_status":"closed","template":"","meta":{"footnotes":""},"class_list":["post-280","page","type-page","status-publish","hentry"],"_links":{"self":[{"href":"https:\/\/dev01.iremworld.com\/tr\/wp-json\/wp\/v2\/pages\/280","targetHints":{"allow":["GET"]}}],"collection":[{"href":"https:\/\/dev01.iremworld.com\/tr\/wp-json\/wp\/v2\/pages"}],"about":[{"href":"https:\/\/dev01.iremworld.com\/tr\/wp-json\/wp\/v2\/types\/page"}],"author":[{"embeddable":true,"href":"https:\/\/dev01.iremworld.com\/tr\/wp-json\/wp\/v2\/users\/1"}],"replies":[{"embeddable":true,"href":"https:\/\/dev01.iremworld.com\/tr\/wp-json\/wp\/v2\/comments?post=280"}],"version-history":[{"count":0,"href":"https:\/\/dev01.iremworld.com\/tr\/wp-json\/wp\/v2\/pages\/280\/revisions"}],"wp:attachment":[{"href":"https:\/\/dev01.iremworld.com\/tr\/wp-json\/wp\/v2\/media?parent=280"}],"curies":[{"name":"wp","href":"https:\/\/api.w.org\/{rel}","templated":true}]}}