{"id":3584,"date":"2025-03-13T12:13:01","date_gmt":"2025-03-13T12:13:01","guid":{"rendered":"https:\/\/dev01.iremworld.com\/?page_id=3584"},"modified":"2025-03-13T12:13:01","modified_gmt":"2025-03-13T12:13:01","slug":"cookie-policy","status":"publish","type":"page","link":"https:\/\/dev01.iremworld.com\/tr\/cerez-politikasi\/","title":{"rendered":"\u00c7erez Politikas\u0131"},"content":{"rendered":"<p><strong>IREMWORLD ULUSLARARASI GAYR\u0130MENKUL PAZARLAMA E\u011e\u0130T\u0130M ORGAN\u0130ZASYON T\u0130CARET A.\u015e.<\/strong><\/p>\n<p><strong>\u00c7EREZ B\u0130LG\u0130LEND\u0130RME METN\u0130<\/strong><\/p>\n<p>IREMWORLD ULUSLARARASI GAYR\u0130MENKUL PAZARLAMA E\u011e\u0130T\u0130M ORGAN\u0130ZASYON T\u0130CARET A.\u015e. (\u201c\u015eirket\u201d veya \u201cIREMWORLD\u201d) olarak, merkez adresimiz &#8220;Atat\u00fcrk Mah. Ertu\u011frul Gazi Sok. Metropol \u0130stanbul Sitesi C1 Blok Apt. No:2B 127 Ata\u015fehir\/\u0130stanbul&#8221; olup, resmi web sitemiz <a href=\"https:\/\/iremworld.com\/\">https:\/\/iremworld.com<\/a> ve bu alan ad\u0131 \u00fczerinden eri\u015filen t\u00fcm ba\u011flant\u0131larda ziyaret\u00e7ilerimizin ki\u015fisel verilerini, 6698 say\u0131l\u0131 Ki\u015fisel Verilerin Korunmas\u0131 Kanunu (\u201cKVKK\u201d) ve ikincil d\u00fczenlemelere (\u201cKVK Mevzuat\u0131\u201d) uygun \u015fekilde i\u015flemeye ve korumaya azami \u00f6zen g\u00f6stermekteyiz.<\/p>\n<p>KVK Mevzuat\u0131 kapsam\u0131nda IremWorld\u2019\u00fcn ayd\u0131nlatma y\u00fck\u00fcml\u00fcl\u00fc\u011f\u00fc \u00e7er\u00e7evesinde, bu \u00c7erez Bilgilendirme Metni (\u201cMetin\u201d) ile \u015eirketimiz taraf\u0131ndan kullan\u0131lan \u00e7erezler ve bunlar arac\u0131l\u0131\u011f\u0131yla i\u015flenen ki\u015fisel veriler hakk\u0131nda sizleri bilgilendirmek isteriz.<\/p>\n<p><strong>\u00c7erezler Yoluyla \u0130\u015flenen Ki\u015fisel Veriler<\/strong><\/p>\n<p>Web sitemiz <a href=\"https:\/\/iremworld.com\/\">https:\/\/iremworld.com<\/a> \u00fczerinden \u00e7erezler arac\u0131l\u0131\u011f\u0131yla a\u015fa\u011f\u0131daki ki\u015fisel veriler i\u015flenmektedir: [\u25cf]<\/p>\n<p><strong>Hangi T\u00fcr \u00c7erezleri Kullan\u0131yoruz?<\/strong><\/p>\n<p>\u00c7erezler, bir web sitesi taraf\u0131ndan olu\u015fturulan ve ad-de\u011fer format\u0131nda cihaz\u0131n\u0131za kaydedilen k\u00fc\u00e7\u00fck metin dosyalar\u0131d\u0131r. Web sitemizi ziyaret etti\u011finizde kullan\u0131lan \u00e7erezler, ziyaretinize dair bilgilerin cihaz\u0131n\u0131zda saklanmas\u0131n\u0131 ve sonraki ziyaretlerde kullan\u0131lmas\u0131n\u0131 sa\u011flar. Birinci taraf \u00e7erezler, yaln\u0131zca bizim web sitemiz taraf\u0131ndan olu\u015fturulmakta ve sadece web sitemiz taraf\u0131ndan okunabilmektedir.<\/p>\n<p>Kulland\u0131\u011f\u0131m\u0131z \u00e7erez t\u00fcrleri ve kullan\u0131m ama\u00e7lar\u0131 a\u015fa\u011f\u0131daki gibidir:<\/p>\n<table>\n<thead>\n<tr>\n<th>No<\/th>\n<th>\u00c7erez T\u00fcr\u00fc<\/th>\n<th>Kullan\u0131m Amac\u0131<\/th>\n<\/tr>\n<\/thead>\n<tbody>\n<tr>\n<td>1<\/td>\n<td>Oturum \u00c7erezleri<\/td>\n<td>Kullan\u0131c\u0131 ziyaretlerini oturumlara ay\u0131rmak i\u00e7in kullan\u0131l\u0131r. Kullan\u0131c\u0131dan veri toplamaz. Web sayfas\u0131 kapat\u0131ld\u0131\u011f\u0131nda veya belirli bir s\u00fcre i\u015flem yap\u0131lmad\u0131\u011f\u0131nda silinir.<\/td>\n<\/tr>\n<tr>\n<td>2<\/td>\n<td>Kal\u0131c\u0131 \u00c7erezler<\/td>\n<td>Taray\u0131c\u0131n\u0131zda saklan\u0131r, siz silene kadar veya s\u00fcreleri dolana kadar ge\u00e7erlidir.<\/td>\n<\/tr>\n<tr>\n<td>3<\/td>\n<td>Zorunlu \u00c7erezler<\/td>\n<td>Web sitesinin d\u00fczg\u00fcn \u00e7al\u0131\u015fmas\u0131 i\u00e7in gereklidir. Sistem y\u00f6netimi ve doland\u0131r\u0131c\u0131l\u0131k \u00f6nleme ama\u00e7l\u0131d\u0131r. Engellenirse site d\u00fczg\u00fcn \u00e7al\u0131\u015fmayabilir.<\/td>\n<\/tr>\n<tr>\n<td>4<\/td>\n<td>\u0130\u015flevsel ve Analitik \u00c7erezler<\/td>\n<td>Tercihlerinizi hat\u0131rlamak, web sitesinin etkin kullan\u0131m\u0131n\u0131 sa\u011flamak ve isteklerinize g\u00f6re optimize etmek i\u00e7in kullan\u0131l\u0131r. \u00d6rne\u011fin; dil tercihini kaydeden \u00e7erezler i\u015flevsel \u00e7erezlerdir. Analitik \u00e7erezler ise ziyaret\u00e7i say\u0131s\u0131, g\u00f6r\u00fcnt\u00fclenen sayfalar gibi istatistiksel verileri toplar.<\/td>\n<\/tr>\n<tr>\n<td>5<\/td>\n<td>Takip \u00c7erezleri<\/td>\n<td>Web sitemizi veya \u00fc\u00e7\u00fcnc\u00fc taraf alan adlar\u0131n\u0131 ziyaret etti\u011finizde olu\u015fturulan birinci taraf ve \u00fc\u00e7\u00fcnc\u00fc taraf \u00e7erezlerdir. Farkl\u0131 alan adlar\u0131ndaki t\u0131klama ve ziyaret ge\u00e7mi\u015finizi izlemeye yarar. Kullan\u0131c\u0131 tan\u0131ma, profil olu\u015fturma, hedefli reklam ve ki\u015fiselle\u015ftirilmi\u015f i\u00e7erik sunma ama\u00e7l\u0131d\u0131r. Kimli\u011finizi belirlemek veya hakk\u0131n\u0131zda bireysel kararlar vermek i\u00e7in kullan\u0131lmaz.<\/td>\n<\/tr>\n<\/tbody>\n<\/table>\n<p><strong>\u00c7erezlerin Saklanmas\u0131 ve Eri\u015fimi<\/strong><\/p>\n<p>Web sitemiz taraf\u0131ndan olu\u015fturulan \u00e7erezler, taray\u0131c\u0131n\u0131zda saklan\u0131r ve yaln\u0131zca <a href=\"https:\/\/iremworld.com\/\">https:\/\/iremworld.com<\/a> alan ad\u0131 \u00fczerinden, ayn\u0131 taray\u0131c\u0131 kullan\u0131ld\u0131\u011f\u0131nda, uzaktan eri\u015filebilir.<\/p>\n<p><strong>\u00c7erezleri Kabul Etmek Sizin Tercihinizdir<\/strong><\/p>\n<p>\u00c7o\u011fu internet taray\u0131c\u0131s\u0131, web sitelerinde kullan\u0131lan \u00e7erezleri otomatik olarak kabul eder. Web sitemizi kullanabilmek i\u00e7in \u00e7erezleri kabul etmek zorunlu de\u011fildir. Ancak, taray\u0131c\u0131n\u0131z\u0131 t\u00fcm \u00e7erezleri engelleyecek \u015fekilde yap\u0131land\u0131rman\u0131z halinde, kullan\u0131c\u0131 deneyiminiz d\u00fc\u015febilir ve baz\u0131 i\u015flevlere eri\u015femeyebilirsiniz.<\/p>\n<p>Taray\u0131c\u0131n\u0131z\u0131 t\u00fcm siteler i\u00e7in veya belirli siteler i\u00e7in \u00e7erezleri engelleyecek, \u00e7erez olu\u015fturuldu\u011funda uyar\u0131 verecek, \u00fc\u00e7\u00fcnc\u00fc taraf \u00e7erezleri engelleyecek ya da t\u00fcm \u00e7erezleri oturum \u00e7erezi olarak tan\u0131mlayacak \u015fekilde yap\u0131land\u0131rabilirsiniz. Ayr\u0131ca cihaz\u0131n\u0131zda kay\u0131tl\u0131 \u00e7erezleri silebilir, listeleyebilir ve de\u011ferlerini g\u00f6r\u00fcnt\u00fcleyebilirsiniz. Taray\u0131c\u0131n\u0131z\u0131n ayarlar\u0131 hakk\u0131nda detayl\u0131 bilgi i\u00e7in a\u015fa\u011f\u0131daki taray\u0131c\u0131 ba\u011flant\u0131lar\u0131ndan faydalanabilirsiniz:<\/p>\n<p>\u00c7erezler hakk\u0131nda daha fazla bilgi almak i\u00e7in <a href=\"http:\/\/www.aboutcookies.org\/\">www.aboutcookies.org<\/a> ve <a href=\"http:\/\/www.youronlinechoices.eu\/\">www.youronlinechoices.eu<\/a> adreslerini ziyaret edebilirsiniz. Bu siteler \u0130ngilizce i\u00e7erik sunmaktad\u0131r.<\/p>\n<p><strong>Ki\u015fisel Verilerin G\u00fcvenli\u011fi<\/strong><\/p>\n<p>\u00c7erezler, bu \u00c7erez Bilgilendirme Metni\u2019nde belirtilen ama\u00e7lar d\u0131\u015f\u0131nda kullan\u0131lmamakta ve t\u00fcm i\u015flemler KVK Mevzuat\u0131&#8217;na uygun \u015fekilde y\u00fcr\u00fct\u00fclmektedir. \u00c7erezler arac\u0131l\u0131\u011f\u0131yla elde edilen ki\u015fisel veriler, \u015eirketimiz taraf\u0131ndan KVK Mevzuat\u0131\u2019na uygun olarak i\u015flenmekte, saklanmakta ve g\u00fcvenli\u011fi sa\u011flanmaktad\u0131r.<\/p>\n","protected":false},"excerpt":{"rendered":"<p>IREMWORLD ULUSLARARASI GAYR\u0130MENKUL PAZARLAMA E\u011e\u0130T\u0130M ORGAN\u0130ZASYON T\u0130CARET A.\u015e. \u00c7EREZ B\u0130LG\u0130LEND\u0130RME METN\u0130 IREMWORLD ULUSLARARASI GAYR\u0130MENKUL PAZARLAMA E\u011e\u0130T\u0130M ORGAN\u0130ZASYON T\u0130CARET A.\u015e. (\u201c\u015eirket\u201d veya \u201cIREMWORLD\u201d) olarak, merkez adresimiz &#8220;Atat\u00fcrk Mah. Ertu\u011frul Gazi Sok. Metropol \u0130stanbul Sitesi C1 Blok<\/p>\n<div class=\"read-more-wrap\"><a href=\"https:\/\/dev01.iremworld.com\/tr\/cerez-politikasi\/\" class=\"btn btn-secondary\">Read More <i class=\"icon-arrows-slim-right\"><\/i><\/a><\/div>\n","protected":false},"author":1,"featured_media":0,"parent":0,"menu_order":0,"comment_status":"closed","ping_status":"open","template":"","meta":{"footnotes":""},"class_list":["post-3584","page","type-page","status-publish","hentry"],"_links":{"self":[{"href":"https:\/\/dev01.iremworld.com\/tr\/wp-json\/wp\/v2\/pages\/3584","targetHints":{"allow":["GET"]}}],"collection":[{"href":"https:\/\/dev01.iremworld.com\/tr\/wp-json\/wp\/v2\/pages"}],"about":[{"href":"https:\/\/dev01.iremworld.com\/tr\/wp-json\/wp\/v2\/types\/page"}],"author":[{"embeddable":true,"href":"https:\/\/dev01.iremworld.com\/tr\/wp-json\/wp\/v2\/users\/1"}],"replies":[{"embeddable":true,"href":"https:\/\/dev01.iremworld.com\/tr\/wp-json\/wp\/v2\/comments?post=3584"}],"version-history":[{"count":0,"href":"https:\/\/dev01.iremworld.com\/tr\/wp-json\/wp\/v2\/pages\/3584\/revisions"}],"wp:attachment":[{"href":"https:\/\/dev01.iremworld.com\/tr\/wp-json\/wp\/v2\/media?parent=3584"}],"curies":[{"name":"wp","href":"https:\/\/api.w.org\/{rel}","templated":true}]}}