{"id":3881,"date":"2025-05-01T18:09:58","date_gmt":"2025-05-01T18:09:58","guid":{"rendered":"https:\/\/dev01.iremworld.com\/?page_id=3881"},"modified":"2025-05-01T18:11:03","modified_gmt":"2025-05-01T18:11:03","slug":"sirkete-genel-bakis","status":"publish","type":"page","link":"https:\/\/dev01.iremworld.com\/tr\/sirkete-genel-bakis\/","title":{"rendered":"\u015eirkete Genel Bak\u0131\u015f"},"content":{"rendered":"\t\t<div data-elementor-type=\"wp-page\" data-elementor-id=\"3881\" class=\"elementor elementor-3881\">\n\t\t\t\t\t\t<section class=\"  elementor-section elementor-top-section elementor-element elementor-element-57ba6b97 elementor-section-boxed elementor-section-height-default elementor-section-height-default\" data-id=\"57ba6b97\" data-element_type=\"section\">\n\t\t\t\t\t\t<div class=\"elementor-container elementor-column-gap-default\">\n\t\t\t\t\t<div class=\"elementor-column elementor-col-100 elementor-top-column elementor-element elementor-element-35ed87ba\" data-id=\"35ed87ba\" data-element_type=\"column\">\n\t\t\t<div class=\"elementor-widget-wrap elementor-element-populated\">\n\t\t\t\t\t\t<div class=\"elementor-element elementor-element-4b74e350 elementor-widget elementor-widget-about_company\" data-id=\"4b74e350\" data-element_type=\"widget\" data-widget_type=\"about_company.default\">\n\t\t\t\t<div class=\"elementor-widget-container\">\n\t\t\t\t\t\r\n<h1 class=\"underline_small\">\r\n\tIREMWORLD nedir<\/h1>\r\n\r\n<div class=\"row about-gallery-details\">\r\n\t\t<div class=\"col-lg-6 order-2\">\r\n\t\t<div class=\"row g-5 investment-image-gallery plusmore\"><div class=\"col-lg-12 col-sm-12 col-xs-12 image0\"><div><a href=\"https:\/\/dev01.iremworld.com\/wp-content\/uploads\/2016\/10\/post-photo1-1.png\" title=\"post-photo1\"><img decoding=\"async\" src=\"https:\/\/dev01.iremworld.com\/wp-content\/uploads\/2016\/10\/post-photo1-1-630x335.png\" alt=\"\"><\/a><\/div><\/div><div class=\"col-lg-6 col-sm-6 col-6 image1\"><div><a href=\"https:\/\/dev01.iremworld.com\/wp-content\/uploads\/2016\/10\/post-photo4-1.png\" title=\"post-photo4\"><img decoding=\"async\" src=\"https:\/\/dev01.iremworld.com\/wp-content\/uploads\/2016\/10\/post-photo4-1-300x300.png\" alt=\"\"><\/a><\/div><\/div><div class=\"col-lg-6 col-sm-6 col-6 image2\"><div><a href=\"https:\/\/dev01.iremworld.com\/wp-content\/uploads\/2016\/10\/people-images-5-min-1.jpg\" title=\"people-images-5-min\">2+<\/a><img decoding=\"async\" src=\"https:\/\/dev01.iremworld.com\/wp-content\/uploads\/2016\/10\/people-images-5-min-1-300x300.jpg\" alt=\"\"><\/div><\/div><a class=\"hidden\" href=\"https:\/\/dev01.iremworld.com\/wp-content\/uploads\/2016\/10\/service-image4-1.jpg\" title=\"service-image4\"><\/a><a class=\"hidden\" href=\"https:\/\/dev01.iremworld.com\/wp-content\/uploads\/2016\/10\/service-image1-1.jpg\" title=\"service-image1\"><\/a><\/div>\t<\/div>\r\n\t\t<div class=\"col-lg-6 order-1\">\r\n\t\t<div class=\"block-content\">\r\n\t\t\t<p class=\"\" data-start=\"0\" data-end=\"213\">2015 y\u0131l\u0131nda kurulan IremWorld, d\u00fcnyan\u0131n en b\u00fcy\u00fck ve en deneyimli global gayrimenkul firmalar\u0131ndan biridir. Sat\u0131n alma ve b\u00fcy\u00fcme odakl\u0131 gayrimenkul yat\u0131r\u0131mlar\u0131na odaklanan profesyonel bir yat\u0131r\u0131m ekibi olu\u015fturduk.<\/p><p class=\"\" data-start=\"215\" data-end=\"533\">IREMWORLD olarak, felsefemiz m\u00fckemmelli\u011fe olan sars\u0131lmaz ba\u011fl\u0131l\u0131k ve beklentilerin \u00f6tesine ge\u00e7me kararl\u0131l\u0131\u011f\u0131 \u00fczerine kuruludur. Kurulu\u015fumuzdan bu yana, sekt\u00f6r standartlar\u0131n\u0131 yeniden tan\u0131mlamay\u0131 hedefledik ve bu da bizi yenilik\u00e7ilik, d\u00fcr\u00fcstl\u00fck ve m\u00fc\u015fteri memnuniyetine odaklanan se\u00e7kin bir k\u00fcresel marka haline getirdi.<\/p>\t\t<\/div>\r\n\t<\/div>\r\n\r\n\t<\/div>\r\n\t\t\t\t<\/div>\n\t\t\t\t<\/div>\n\t\t\t\t\t<\/div>\n\t\t<\/div>\n\t\t\t\t\t<\/div>\n\t\t<\/section>\n\t\t\t\t<section class=\"  elementor-section elementor-top-section elementor-element elementor-element-50c555c9 elementor-section-boxed elementor-section-height-default elementor-section-height-default\" data-id=\"50c555c9\" data-element_type=\"section\">\n\t\t\t\t\t\t<div class=\"elementor-container elementor-column-gap-no\">\n\t\t\t\t\t<div class=\"elementor-column elementor-col-100 elementor-top-column elementor-element elementor-element-32818cbc\" data-id=\"32818cbc\" data-element_type=\"column\">\n\t\t\t<div class=\"elementor-widget-wrap elementor-element-populated\">\n\t\t\t\t\t\t<section class=\"  elementor-section elementor-inner-section elementor-element elementor-element-17d4e4c3 elementor-section-boxed elementor-section-height-default elementor-section-height-default\" data-id=\"17d4e4c3\" data-element_type=\"section\">\n\t\t\t\t\t\t<div class=\"elementor-container elementor-column-gap-gap-20\">\n\t\t\t\t\t<div class=\"elementor-column elementor-col-100 elementor-inner-column elementor-element elementor-element-310663df\" data-id=\"310663df\" data-element_type=\"column\">\n\t\t\t<div class=\"elementor-widget-wrap elementor-element-populated\">\n\t\t\t\t\t\t<div class=\"elementor-element elementor-element-36803b3e elementor-widget elementor-widget-accordion\" data-id=\"36803b3e\" data-element_type=\"widget\" data-widget_type=\"accordion.default\">\n\t\t\t\t<div class=\"elementor-widget-container\">\n\t\t\t\t\t\t\t<div id=\"controlAccordion69f1eacb58c13\" class=\"elementor-accordion accordion\">\r\n\t\t\t\t\t\t\t<div class=\"control-accordion-item accordion-item\">\r\n\t\t\t\t\t\r\n\t\t\t\t\t<h2 class=\"accordion-header\">\r\n\t\t\t\t\t\t<button class=\"accordion-button \" data-bs-toggle=\"collapse\" type=\"button\" data-bs-target=\"#accordion-content-9141\" aria-controls=\"accordion-content-9141\" aria-expanded=\"true\">\r\n\t\t\t\t\t\t\r\n\t\t\t\t\t\t\t\t\t\t\t\t<span class=\"accordion-title\">We help you identifying your Goals<\/span>\r\n\t\t\t\t\t\t<\/button>\r\n\t\t\t\t\t<\/h2>\r\n\r\n\t\t\t\t\t<div id=\"accordion-content-9141\" class=\"accordion-content accordion-collapse collapse show\" data-bs-parent=\"#controlAccordion69f1eacb58c13\">\r\n\t\t\t\t\t\t<div class=\"accordion-body\">\r\n\t\t\t\t\t\t\t<p>Are you looking for long-term growth, passive income, or capital appreciation? Understanding your financial objectives is crucial in selecting the right investment.<\/p>\t\t\t\t\t\t<\/div>\r\n\t\t\t\t\t<\/div>\t\r\n\t\t\t\t\t\r\n\t\t\t\t<\/div>\r\n\t\t\t\t\t\t\t<div class=\"control-accordion-item accordion-item\">\r\n\t\t\t\t\t\r\n\t\t\t\t\t<h2 class=\"accordion-header\">\r\n\t\t\t\t\t\t<button class=\"accordion-button collapsed\" data-bs-toggle=\"collapse\" type=\"button\" data-bs-target=\"#accordion-content-9142\" aria-controls=\"accordion-content-9142\" aria-expanded=\"false\">\r\n\t\t\t\t\t\t\r\n\t\t\t\t\t\t\t\t\t\t\t\t<span class=\"accordion-title\">We study your Risk Tolerance<\/span>\r\n\t\t\t\t\t\t<\/button>\r\n\t\t\t\t\t<\/h2>\r\n\r\n\t\t\t\t\t<div id=\"accordion-content-9142\" class=\"accordion-content accordion-collapse collapse \" data-bs-parent=\"#controlAccordion69f1eacb58c13\">\r\n\t\t\t\t\t\t<div class=\"accordion-body\">\r\n\t\t\t\t\t\t\t<p>Different investment opportunities come with varying levels of risk. We can help you evaluate your comfort level with risk to ensure you choose investments that match your tolerance.<br \/><br \/><\/p>\t\t\t\t\t\t<\/div>\r\n\t\t\t\t\t<\/div>\t\r\n\t\t\t\t\t\r\n\t\t\t\t<\/div>\r\n\t\t\t\t\t\t\t<div class=\"control-accordion-item accordion-item\">\r\n\t\t\t\t\t\r\n\t\t\t\t\t<h2 class=\"accordion-header\">\r\n\t\t\t\t\t\t<button class=\"accordion-button collapsed\" data-bs-toggle=\"collapse\" type=\"button\" data-bs-target=\"#accordion-content-9143\" aria-controls=\"accordion-content-9143\" aria-expanded=\"false\">\r\n\t\t\t\t\t\t\r\n\t\t\t\t\t\t\t\t\t\t\t\t<span class=\"accordion-title\">We make research on Market Trends<\/span>\r\n\t\t\t\t\t\t<\/button>\r\n\t\t\t\t\t<\/h2>\r\n\r\n\t\t\t\t\t<div id=\"accordion-content-9143\" class=\"accordion-content accordion-collapse collapse \" data-bs-parent=\"#controlAccordion69f1eacb58c13\">\r\n\t\t\t\t\t\t<div class=\"accordion-body\">\r\n\t\t\t\t\t\t\t<p>Real estate markets can vary widely based on location and property type. We provide detailed market insights and trend analysis to help you make well-informed choices.<\/p>\t\t\t\t\t\t<\/div>\r\n\t\t\t\t\t<\/div>\t\r\n\t\t\t\t\t\r\n\t\t\t\t<\/div>\r\n\t\t\t\t\t\t\t<div class=\"control-accordion-item accordion-item\">\r\n\t\t\t\t\t\r\n\t\t\t\t\t<h2 class=\"accordion-header\">\r\n\t\t\t\t\t\t<button class=\"accordion-button collapsed\" data-bs-toggle=\"collapse\" type=\"button\" data-bs-target=\"#accordion-content-9144\" aria-controls=\"accordion-content-9144\" aria-expanded=\"false\">\r\n\t\t\t\t\t\t\r\n\t\t\t\t\t\t\t\t\t\t\t\t<span class=\"accordion-title\">We help you making a plan considering Your Timeframe<\/span>\r\n\t\t\t\t\t\t<\/button>\r\n\t\t\t\t\t<\/h2>\r\n\r\n\t\t\t\t\t<div id=\"accordion-content-9144\" class=\"accordion-content accordion-collapse collapse \" data-bs-parent=\"#controlAccordion69f1eacb58c13\">\r\n\t\t\t\t\t\t<div class=\"accordion-body\">\r\n\t\t\t\t\t\t\t<p>Do you plan to hold your investment for several years, or are you looking for something more short-term? Your investment horizon will influence the type of properties or assets that align with your needs.<\/p>\t\t\t\t\t\t<\/div>\r\n\t\t\t\t\t<\/div>\t\r\n\t\t\t\t\t\r\n\t\t\t\t<\/div>\r\n\t\t\t\t\t\t\t\t<\/div>\r\n\t\t\t\t\t\t<\/div>\n\t\t\t\t<\/div>\n\t\t\t\t<div class=\"elementor-element elementor-element-a069f31 elementor-widget elementor-widget-text-editor\" data-id=\"a069f31\" data-element_type=\"widget\" data-widget_type=\"text-editor.default\">\n\t\t\t\t<div class=\"elementor-widget-container\">\n\t\t\t\t\t\t\t\t\t<p>Our company takes a client-first approach, offering personalized services to ensure your real estate investments are strategically aligned with your objectives. From research and analysis to acquisition and management, we provide end-to-end support.<br \/>At Iremworld we are dedicated to building long-term relationships with our clients, offering transparent, reliable advice backed by comprehensive market insights. We empower you to make confident investment choices with a clear path to success.<\/p>\t\t\t\t\t\t\t\t<\/div>\n\t\t\t\t<\/div>\n\t\t\t\t<div class=\"elementor-element elementor-element-6a101eb elementor-widget elementor-widget-quote\" data-id=\"6a101eb\" data-element_type=\"widget\" data-widget_type=\"quote.default\">\n\t\t\t\t<div class=\"elementor-widget-container\">\n\t\t\t\t\t\r\n<div class=\"block-quote\">\r\n\t<svg version=\"1.1\" class=\"testimonial-icon\" xmlns=\"http:\/\/www.w3.org\/2000\/svg\" xmlns:xlink=\"http:\/\/www.w3.org\/1999\/xlink\" x=\"0px\" y=\"0px\"\r\n      viewBox=\"0 0 446 446\" xml:space=\"preserve\">   \r\n      <g>\r\n        <g>\r\n          <path d=\"M109.7,91.08c25.2,0,48.33,10.17,65.12,28.63c17.14,18.84,25.22,43.63,22.74,69.78\r\n            c-3.71,39.23-15.88,71.28-37.2,97.99c-17.29,21.66-37.53,38.34-60.17,49.57c-22.52,11.16-48.08,17.27-75.98,18.16\r\n            c-0.24,0.01-0.48,0.01-0.71,0.01c-0.66,0-1.15-0.03-1.51-0.07c-0.08-0.49-0.15-1.25-0.15-2.36c-0.02-9.98-0.01-20.19,0-29.19\r\n            c0-1.5,0.08-2.47,0.17-3.08c0.6-0.1,1.57-0.21,3.06-0.25c33.95-1.05,64.06-12.79,89.48-34.89c0.54-0.47,1.02-0.93,1.63-1.5\r\n            c0.32-0.3,0.7-0.66,1.17-1.1c2.69-2.5,3.58-6.38,2.27-9.81c-1.31-3.43-4.58-5.71-8.25-5.77c-12.4-0.21-23.4-2.23-33.62-6.15\r\n            c-17.42-6.69-32.7-19.62-43.03-36.41c-10.3-16.74-14.77-35.83-12.57-53.74c2.55-20.77,11.2-39.32,25.03-53.64\r\n            C60.91,103,78.55,94.2,98.18,91.79C102.02,91.32,105.89,91.08,109.7,91.08 M109.7,82.08c-4.14,0-8.35,0.25-12.61,0.78\r\n            c-44.23,5.43-78.19,40.62-83.87,86.93c-5.06,41.23,21.52,84.37,61.31,99.65c11.53,4.43,23.48,6.52,36.69,6.75\r\n            c-1.33,1.24-1.94,1.84-2.57,2.39c-24.05,20.91-52.05,31.7-83.85,32.68c-9.37,0.29-11.94,2.82-11.95,12.32\r\n            c-0.01,9.74-0.02,19.48,0,29.22c0.02,8.21,2.83,11.42,10.66,11.42c0.32,0,0.65-0.01,1-0.02c58.49-1.85,106.39-25.35,142.9-71.11\r\n            c23.91-29.96,35.51-64.6,39.12-102.76C212.13,131.1,167.22,82.08,109.7,82.08L109.7,82.08z\"\/>\r\n        <\/g>\r\n        <g>\r\n          <path d=\"M336.38,90.78c24.27,0,47.83,10.58,64.64,29.02c8.27,9.08,14.5,19.5,18.5,30.98\r\n            c4.18,11.99,5.69,24.54,4.51,37.29c-3.72,39.97-15.88,72.41-37.17,99.15c-17.33,21.77-37.63,38.52-60.32,49.79\r\n            c-22.59,11.21-48.24,17.33-76.23,18.19c-0.22,0.01-0.43,0.01-0.63,0.01c-0.62,0-1.09-0.03-1.43-0.07\r\n            c-0.06-0.44-0.12-1.08-0.12-2.01c-0.04-10.51-0.04-20.87-0.01-30.8c0-0.87,0.06-1.47,0.11-1.88c0.44-0.08,1.12-0.15,2.11-0.18\r\n            c35.5-0.84,66.04-13.07,93.35-37.4c2.77-2.47,3.74-6.38,2.45-9.86c-1.29-3.48-4.58-5.8-8.29-5.86c-17.3-0.28-32.18-4.17-45.5-11.9\r\n            c-32.1-18.64-49.39-55.3-43.04-91.22c3.18-18.01,11.71-34.37,24.66-47.31c12.95-12.94,29.31-21.46,47.33-24.63\r\n            C326.28,91.22,331.36,90.78,336.38,90.78C336.38,90.78,336.38,90.78,336.38,90.78 M336.37,81.78c-5.47,0-11.04,0.48-16.65,1.46\r\n            c-40.44,7.12-72.14,38.8-79.29,79.23c-7.02,39.73,11.99,80.02,47.39,100.57c15.06,8.74,31.36,12.82,49.87,13.12\r\n            c-25.68,22.88-54.51,34.34-87.58,35.12c-7.98,0.19-10.99,3.14-11.01,11.02c-0.04,10.29-0.03,20.58,0.01,30.87\r\n            c0.03,7.85,2.92,11.04,10.55,11.04c0.3,0,0.6,0,0.91-0.01c58.71-1.8,106.74-25.41,143.32-71.37\r\n            c24.13-30.32,35.51-65.42,39.09-103.92C438.36,131.06,392.1,81.77,336.37,81.78L336.37,81.78z\"\/>\r\n        <\/g>\r\n      <\/g>\r\n      <\/svg>\t<div class='normal'>\r\n\t\t<p><em>We seek to invest in well positioned companies with strategic improvement potential and also Real Estate Projects promising more comfortable living or which are either thought to be as good investments.<\/em><\/p>\t<\/div>\r\n<\/div>\t\t\t\t<\/div>\n\t\t\t\t<\/div>\n\t\t\t\t\t<\/div>\n\t\t<\/div>\n\t\t\t\t\t<\/div>\n\t\t<\/section>\n\t\t\t\t\t<\/div>\n\t\t<\/div>\n\t\t\t\t\t<\/div>\n\t\t<\/section>\n\t\t\t\t<section class=\"  elementor-section elementor-inner-section elementor-element elementor-element-4b855616 elementor-section-boxed elementor-section-height-default elementor-section-height-default\" data-id=\"4b855616\" data-element_type=\"section\">\n\t\t\t\t\t\t<div class=\"elementor-container elementor-column-gap-gap-5\">\n\t\t\t\t\t<div class=\"elementor-column elementor-col-25 elementor-inner-column elementor-element elementor-element-48805c6\" data-id=\"48805c6\" data-element_type=\"column\">\n\t\t\t<div class=\"elementor-widget-wrap elementor-element-populated\">\n\t\t\t\t\t\t<div class=\"elementor-element elementor-element-8757a4c elementor-widget elementor-widget-service\" data-id=\"8757a4c\" data-element_type=\"widget\" data-widget_type=\"service.default\">\n\t\t\t\t<div class=\"elementor-widget-container\">\n\t\t\t\t\t<div class=\"square-menu-wrap service-style1\">\r\n\t<div class=\"square-menu text-white\">\r\n\t\t<div class=\"figure-wrap\">\r\n\t\t\t<figure>\r\n\t\t\t\t<div class=\"figure-block align-items-center d-grid gap-10\">\r\n\t\t\t\t\t<span class=\"d-block\"><i class=\"perch perch-value\"><\/i><\/span>\r\n\t\t\t\t\t\t\t\t\t\t\t<h5 class=\"small\"><a href=\"\/real-estate\">REAL ESTATE <br \/>MARKETING<\/a><\/h5>\r\n\t\t\t\t\t\t\t\t\t\t<\/div>\r\n\t\t\t\t<figcaption>\r\n\t\t\t\t\t\t\t\t\t\t<a href=\"\/real-estate\" class=\"btn btn-sm btn-outline-secondary\">\r\n\t\t\t\t\t\tKnow More \r\n\t\t\t\t\t\t\t\t\t\t\t<\/a>\r\n\t\t\t\t\t\t\t\t\t<\/figcaption>\r\n\t\t\t<\/figure>\r\n\t\t<\/div><!-- .figure-wrap -->\r\n\t<\/div><!-- .square-menu -->\r\n<\/div>\t\t\t\t<\/div>\n\t\t\t\t<\/div>\n\t\t\t\t\t<\/div>\n\t\t<\/div>\n\t\t\t\t<div class=\"elementor-column elementor-col-25 elementor-inner-column elementor-element elementor-element-591492a9\" data-id=\"591492a9\" data-element_type=\"column\">\n\t\t\t<div class=\"elementor-widget-wrap elementor-element-populated\">\n\t\t\t\t\t\t<div class=\"elementor-element elementor-element-20880618 elementor-widget elementor-widget-service\" data-id=\"20880618\" data-element_type=\"widget\" data-widget_type=\"service.default\">\n\t\t\t\t<div class=\"elementor-widget-container\">\n\t\t\t\t\t<div class=\"square-menu-wrap service-style1\">\r\n\t<div class=\"square-menu text-white\">\r\n\t\t<div class=\"figure-wrap\">\r\n\t\t\t<figure>\r\n\t\t\t\t<div class=\"figure-block align-items-center d-grid gap-10\">\r\n\t\t\t\t\t<span class=\"d-block\"><i class=\"perch perch-strategy\"><\/i><\/span>\r\n\t\t\t\t\t\t\t\t\t\t\t<h5 class=\"small\"><a href=\"\/investment-opportunities\">Investment Opportunities<\/a><\/h5>\r\n\t\t\t\t\t\t\t\t\t\t<\/div>\r\n\t\t\t\t<figcaption>\r\n\t\t\t\t\t\t\t\t\t\t<a href=\"\/investment-opportunities\" class=\"btn btn-sm btn-outline-secondary\">\r\n\t\t\t\t\t\tKnow More \r\n\t\t\t\t\t\t\t\t\t\t\t<\/a>\r\n\t\t\t\t\t\t\t\t\t<\/figcaption>\r\n\t\t\t<\/figure>\r\n\t\t<\/div><!-- .figure-wrap -->\r\n\t<\/div><!-- .square-menu -->\r\n<\/div>\t\t\t\t<\/div>\n\t\t\t\t<\/div>\n\t\t\t\t\t<\/div>\n\t\t<\/div>\n\t\t\t\t<div class=\"elementor-column elementor-col-25 elementor-inner-column elementor-element elementor-element-3f706f27\" data-id=\"3f706f27\" data-element_type=\"column\">\n\t\t\t<div class=\"elementor-widget-wrap elementor-element-populated\">\n\t\t\t\t\t\t<div class=\"elementor-element elementor-element-3ae92f66 elementor-widget elementor-widget-service\" data-id=\"3ae92f66\" data-element_type=\"widget\" data-widget_type=\"service.default\">\n\t\t\t\t<div class=\"elementor-widget-container\">\n\t\t\t\t\t<div class=\"square-menu-wrap service-style1\">\r\n\t<div class=\"square-menu text-white\">\r\n\t\t<div class=\"figure-wrap\">\r\n\t\t\t<figure>\r\n\t\t\t\t<div class=\"figure-block align-items-center d-grid gap-10\">\r\n\t\t\t\t\t<span class=\"d-block\"><i class=\"perch perch-middle-market\"><\/i><\/span>\r\n\t\t\t\t\t\t\t\t\t\t\t<h5 class=\"small\"><a href=\"\/tech-consultance\">TECHNOLOGY CONSULTANCE<\/a><\/h5>\r\n\t\t\t\t\t\t\t\t\t\t<\/div>\r\n\t\t\t\t<figcaption>\r\n\t\t\t\t\t\t\t\t\t\t<a href=\"\/tech-consultance\" class=\"btn btn-sm btn-outline-secondary\">\r\n\t\t\t\t\t\tKnow More \r\n\t\t\t\t\t\t\t\t\t\t\t<\/a>\r\n\t\t\t\t\t\t\t\t\t<\/figcaption>\r\n\t\t\t<\/figure>\r\n\t\t<\/div><!-- .figure-wrap -->\r\n\t<\/div><!-- .square-menu -->\r\n<\/div>\t\t\t\t<\/div>\n\t\t\t\t<\/div>\n\t\t\t\t\t<\/div>\n\t\t<\/div>\n\t\t\t\t<div class=\"elementor-column elementor-col-25 elementor-inner-column elementor-element elementor-element-aaa7eb6\" data-id=\"aaa7eb6\" data-element_type=\"column\">\n\t\t\t<div class=\"elementor-widget-wrap elementor-element-populated\">\n\t\t\t\t\t\t<div class=\"elementor-element elementor-element-312e9a89 elementor-widget elementor-widget-service\" data-id=\"312e9a89\" data-element_type=\"widget\" data-widget_type=\"service.default\">\n\t\t\t\t<div class=\"elementor-widget-container\">\n\t\t\t\t\t<div class=\"square-menu-wrap service-style1\">\r\n\t<div class=\"square-menu text-white\">\r\n\t\t<div class=\"figure-wrap\">\r\n\t\t\t<figure>\r\n\t\t\t\t<div class=\"figure-block align-items-center d-grid gap-10\">\r\n\t\t\t\t\t<span class=\"d-block\"><i class=\"perch perch-operator-first\"><\/i><\/span>\r\n\t\t\t\t\t\t\t\t\t\t\t<h5 class=\"small\"><a href=\"\/general-services\">GENERAL <br \/>SERVICES<\/a><\/h5>\r\n\t\t\t\t\t\t\t\t\t\t<\/div>\r\n\t\t\t\t<figcaption>\r\n\t\t\t\t\t\t\t\t\t\t<a href=\"\/general-services\" class=\"btn btn-sm btn-outline-secondary\">\r\n\t\t\t\t\t\tKnow More \r\n\t\t\t\t\t\t\t\t\t\t\t<\/a>\r\n\t\t\t\t\t\t\t\t\t<\/figcaption>\r\n\t\t\t<\/figure>\r\n\t\t<\/div><!-- .figure-wrap -->\r\n\t<\/div><!-- .square-menu -->\r\n<\/div>\t\t\t\t<\/div>\n\t\t\t\t<\/div>\n\t\t\t\t\t<\/div>\n\t\t<\/div>\n\t\t\t\t\t<\/div>\n\t\t<\/section>\n\t\t\t\t<section class=\"  elementor-section elementor-top-section elementor-element elementor-element-5ea88ba elementor-section-boxed elementor-section-height-default elementor-section-height-default\" data-id=\"5ea88ba\" data-element_type=\"section\">\n\t\t\t\t\t\t<div class=\"elementor-container elementor-column-gap-default\">\n\t\t\t\t\t<div class=\"elementor-column elementor-col-100 elementor-top-column elementor-element elementor-element-3aa59ce\" data-id=\"3aa59ce\" data-element_type=\"column\">\n\t\t\t<div class=\"elementor-widget-wrap\">\n\t\t\t\t\t\t\t<\/div>\n\t\t<\/div>\n\t\t\t\t\t<\/div>\n\t\t<\/section>\n\t\t\t\t<\/div>\n\t\t","protected":false},"excerpt":{"rendered":"<p>IREMWORLD nedir 2+ 2015 y\u0131l\u0131nda kurulan IremWorld, d\u00fcnyan\u0131n en b\u00fcy\u00fck ve en deneyimli global gayrimenkul firmalar\u0131ndan biridir. Sat\u0131n alma ve b\u00fcy\u00fcme odakl\u0131 gayrimenkul yat\u0131r\u0131mlar\u0131na odaklanan profesyonel bir yat\u0131r\u0131m ekibi olu\u015fturduk. IREMWORLD olarak, felsefemiz m\u00fckemmelli\u011fe olan<\/p>\n<div class=\"read-more-wrap\"><a href=\"https:\/\/dev01.iremworld.com\/tr\/sirkete-genel-bakis\/\" class=\"btn btn-secondary\">Read More <i class=\"icon-arrows-slim-right\"><\/i><\/a><\/div>\n","protected":false},"author":1,"featured_media":0,"parent":0,"menu_order":0,"comment_status":"closed","ping_status":"closed","template":"","meta":{"footnotes":""},"class_list":["post-3881","page","type-page","status-publish","hentry"],"_links":{"self":[{"href":"https:\/\/dev01.iremworld.com\/tr\/wp-json\/wp\/v2\/pages\/3881","targetHints":{"allow":["GET"]}}],"collection":[{"href":"https:\/\/dev01.iremworld.com\/tr\/wp-json\/wp\/v2\/pages"}],"about":[{"href":"https:\/\/dev01.iremworld.com\/tr\/wp-json\/wp\/v2\/types\/page"}],"author":[{"embeddable":true,"href":"https:\/\/dev01.iremworld.com\/tr\/wp-json\/wp\/v2\/users\/1"}],"replies":[{"embeddable":true,"href":"https:\/\/dev01.iremworld.com\/tr\/wp-json\/wp\/v2\/comments?post=3881"}],"version-history":[{"count":0,"href":"https:\/\/dev01.iremworld.com\/tr\/wp-json\/wp\/v2\/pages\/3881\/revisions"}],"wp:attachment":[{"href":"https:\/\/dev01.iremworld.com\/tr\/wp-json\/wp\/v2\/media?parent=3881"}],"curies":[{"name":"wp","href":"https:\/\/api.w.org\/{rel}","templated":true}]}}