{"id":3885,"date":"2025-05-01T18:21:37","date_gmt":"2025-05-01T18:21:37","guid":{"rendered":"https:\/\/dev01.iremworld.com\/?page_id=3885"},"modified":"2025-05-01T18:24:01","modified_gmt":"2025-05-01T18:24:01","slug":"tarihimiz","status":"publish","type":"page","link":"https:\/\/dev01.iremworld.com\/tr\/tarihimiz\/","title":{"rendered":"Tarihimiz"},"content":{"rendered":"\t\t<div data-elementor-type=\"wp-page\" data-elementor-id=\"3885\" class=\"elementor elementor-3885\">\n\t\t\t\t<div class=\"elementor-element elementor-element-87417ee e-flex e-con-boxed e-con e-parent\" data-id=\"87417ee\" data-element_type=\"container\">\n\t\t\t\t\t<div class=\"e-con-inner\">\n\t\t\t\t<div class=\"elementor-element elementor-element-a4418a6 elementor-widget elementor-widget-title\" data-id=\"a4418a6\" data-element_type=\"widget\" data-widget_type=\"title.default\">\n\t\t\t\t<div class=\"elementor-widget-container\">\n\t\t\t\t\t\r\n<div class=\"title-area text-left\">\r\n\t<h2 class=\"underline_small\">\r\n\t\tTarihimiz\t<\/h2>\r\n\r\n\t<div class='normal'>\r\n\t\t<h4>B\u00fcy\u00fcme ve Yenilik\u00e7ilik Tarihi<\/h4><p>IremWorld olarak hik\u00e2yemiz, m\u00fc\u015fterileri \u00f6nceliklendiren ve onlar\u0131 gayrimenkul yat\u0131r\u0131m\u0131n\u0131n karma\u015f\u0131kl\u0131klar\u0131nda y\u00f6nlendiren bir \u015firket kurma vizyonuyla ba\u015flad\u0131. K\u00fc\u00e7\u00fck bir giri\u015fim olarak ba\u015flayan yolculu\u011fumuz, bug\u00fcn sekt\u00f6rde g\u00fcvenilen bir isme d\u00f6n\u00fc\u015ft\u00fc.<\/p>\t<\/div>\r\n<\/div><!-- .title-area -->\t\t\t\t<\/div>\n\t\t\t\t<\/div>\n\t\t\t\t\t<\/div>\n\t\t\t\t<\/div>\n\t\t\t\t<section class=\"  elementor-section elementor-top-section elementor-element elementor-element-5fc4bf4 elementor-section-boxed elementor-section-height-default elementor-section-height-default\" data-id=\"5fc4bf4\" data-element_type=\"section\">\n\t\t\t\t\t\t<div class=\"elementor-container elementor-column-gap-no\">\n\t\t\t\t\t<div class=\"elementor-column elementor-col-100 elementor-top-column elementor-element elementor-element-bfb204a\" data-id=\"bfb204a\" data-element_type=\"column\">\n\t\t\t<div class=\"elementor-widget-wrap elementor-element-populated\">\n\t\t\t\t\t\t<div class=\"elementor-element elementor-element-a00d698 elementor-widget elementor-widget-timeline\" data-id=\"a00d698\" data-element_type=\"widget\" data-widget_type=\"timeline.default\">\n\t\t\t\t<div class=\"elementor-widget-container\">\n\t\t\t\t\t\t<div class=\"year_list clearfix\">\r\n\t\t\t\t\t<div class=\"data row\"> \r\n\t\t\t\t<div class=\"col-lg-3 col-sm-3 col-xs-6\"> \r\n\t\t\t\t<label class=\"fw-bold lh-1\">2010<\/label> <span><\/span>\r\n\t\t\t\t<\/div>\r\n\t\t\t\t<div class=\"col-lg-9 col-sm-9 col-xs-12\">\r\n\t\t\t\t\t<h4>A Journey Fueled by Passion and Expertise  - an idea grows<\/h4> \r\n\t\t\t\t\t<p>\nWhat began as a vision to make real estate investment more accessible has grown into a trusted company known for its market expertise and unwavering client commitment.\n<\/p>\r\n\t\t\t\t<\/div>\r\n\t\t\t<\/div>\r\n\t\t\t\t\t<div class=\"data row\"> \r\n\t\t\t\t<div class=\"col-lg-3 col-sm-3 col-xs-6\"> \r\n\t\t\t\t<label class=\"fw-bold lh-1\">2018<\/label> <span><\/span>\r\n\t\t\t\t<\/div>\r\n\t\t\t\t<div class=\"col-lg-9 col-sm-9 col-xs-12\">\r\n\t\t\t\t\t<h4>IremWorld established<\/h4> \r\n\t\t\t\t\t<p>\nOur history is not just about growth; it\u2019s about the people we\u2019ve helped and the investments that have shaped our company. From our early days to where we stand today, our mission has always been to support clients in their real estate endeavors.\n<\/p>\r\n\t\t\t\t<\/div>\r\n\t\t\t<\/div>\r\n\t\t\t\t\t<div class=\"data row\"> \r\n\t\t\t\t<div class=\"col-lg-3 col-sm-3 col-xs-6\"> \r\n\t\t\t\t<label class=\"fw-bold lh-1\">2024<\/label> <span><\/span>\r\n\t\t\t\t<\/div>\r\n\t\t\t\t<div class=\"col-lg-9 col-sm-9 col-xs-12\">\r\n\t\t\t\t\t<h4>HQ moved to new Office<\/h4> \r\n\t\t\t\t\t<p>\nHQ is now located on the center of Istanbul Finance Center, serving it\u2019s services, region and countrywide.\n<\/p>\r\n\t\t\t\t<\/div>\r\n\t\t\t<\/div>\r\n\t\t\t\t\t<div class=\"data row\"> \r\n\t\t\t\t<div class=\"col-lg-3 col-sm-3 col-xs-6\"> \r\n\t\t\t\t<label class=\"fw-bold lh-1\">2025<\/label> <span><\/span>\r\n\t\t\t\t<\/div>\r\n\t\t\t\t<div class=\"col-lg-9 col-sm-9 col-xs-12\">\r\n\t\t\t\t\t<h4>Team is expanding<\/h4> \r\n\t\t\t\t\t<p>\nWith new connections and oportunities coming along the way, our team is expanding rapidly.\n<\/p>\r\n\t\t\t\t<\/div>\r\n\t\t\t<\/div>\r\n\t\t\t<\/div>\r\n\t\t\t\t\t<\/div>\n\t\t\t\t<\/div>\n\t\t\t\t\t<\/div>\n\t\t<\/div>\n\t\t\t\t\t<\/div>\n\t\t<\/section>\n\t\t\t\t<section class=\"section-no-padding bg-dark has-darkbg-class elementor-section elementor-top-section elementor-element elementor-element-661723b elementor-section-boxed elementor-section-height-default elementor-section-height-default\" data-id=\"661723b\" data-element_type=\"section\" data-settings=\"{&quot;background_background&quot;:&quot;classic&quot;}\">\n\t\t\t\t\t\t<div class=\"elementor-container elementor-column-gap-no\">\n\t\t\t\t\t<div class=\"elementor-column elementor-col-100 elementor-top-column elementor-element elementor-element-881d642\" data-id=\"881d642\" data-element_type=\"column\">\n\t\t\t<div class=\"elementor-widget-wrap elementor-element-populated\">\n\t\t\t\t\t\t<div class=\"elementor-element elementor-element-f1c1aa3 elementor-widget__width-initial elementor-widget elementor-widget-download_box\" data-id=\"f1c1aa3\" data-element_type=\"widget\" data-widget_type=\"download_box.default\">\n\t\t\t\t<div class=\"elementor-widget-container\">\n\t\t\t\t\t\r\n<div class=\"download_wrap\">\r\n\t<div class=\"download\">\r\n\t\t\t\t<p class=\"caps_normal\">We understand the complexities of real estate investments and offer personalized strategies that maximize your returns while minimizing risks.<\/p>\r\n\t\t\t\t<h2>Let\u2019s have a look at our Investment<span class='separator'>\/<\/span>RealEstate Portal of <span class='primary-color'>Worldwide Business<\/span><\/h2>\r\n\t\t<a class=\"btn btn-icon btn-primary\" href=\"\" target=\"_blank\"><img decoding=\"async\" class=\"icon-download\" src=\"https:\/\/dev01.iremworld.com\/wp-content\/themes\/investment\/assets\/images\/icon-download.png\" alt=\"image\"> <i class=\"icon-arrows-slim-right\"><\/i><\/a>\r\n\t<\/div>\t\t\t\r\n<\/div>\t\t\t\t<\/div>\n\t\t\t\t<\/div>\n\t\t\t\t\t<\/div>\n\t\t<\/div>\n\t\t\t\t\t<\/div>\n\t\t<\/section>\n\t\t\t\t<\/div>\n\t\t","protected":false},"excerpt":{"rendered":"<p>Tarihimiz B\u00fcy\u00fcme ve Yenilik\u00e7ilik Tarihi IremWorld olarak hik\u00e2yemiz, m\u00fc\u015fterileri \u00f6nceliklendiren ve onlar\u0131 gayrimenkul yat\u0131r\u0131m\u0131n\u0131n karma\u015f\u0131kl\u0131klar\u0131nda y\u00f6nlendiren bir \u015firket kurma vizyonuyla ba\u015flad\u0131. K\u00fc\u00e7\u00fck bir giri\u015fim olarak ba\u015flayan yolculu\u011fumuz, bug\u00fcn sekt\u00f6rde g\u00fcvenilen bir isme d\u00f6n\u00fc\u015ft\u00fc. 2010 A<\/p>\n<div class=\"read-more-wrap\"><a href=\"https:\/\/dev01.iremworld.com\/tr\/tarihimiz\/\" class=\"btn btn-secondary\">Read More <i class=\"icon-arrows-slim-right\"><\/i><\/a><\/div>\n","protected":false},"author":1,"featured_media":0,"parent":0,"menu_order":0,"comment_status":"closed","ping_status":"closed","template":"","meta":{"footnotes":""},"class_list":["post-3885","page","type-page","status-publish","hentry"],"_links":{"self":[{"href":"https:\/\/dev01.iremworld.com\/tr\/wp-json\/wp\/v2\/pages\/3885","targetHints":{"allow":["GET"]}}],"collection":[{"href":"https:\/\/dev01.iremworld.com\/tr\/wp-json\/wp\/v2\/pages"}],"about":[{"href":"https:\/\/dev01.iremworld.com\/tr\/wp-json\/wp\/v2\/types\/page"}],"author":[{"embeddable":true,"href":"https:\/\/dev01.iremworld.com\/tr\/wp-json\/wp\/v2\/users\/1"}],"replies":[{"embeddable":true,"href":"https:\/\/dev01.iremworld.com\/tr\/wp-json\/wp\/v2\/comments?post=3885"}],"version-history":[{"count":0,"href":"https:\/\/dev01.iremworld.com\/tr\/wp-json\/wp\/v2\/pages\/3885\/revisions"}],"wp:attachment":[{"href":"https:\/\/dev01.iremworld.com\/tr\/wp-json\/wp\/v2\/media?parent=3885"}],"curies":[{"name":"wp","href":"https:\/\/api.w.org\/{rel}","templated":true}]}}